{"id":17,"date":"2020-10-08T16:15:07","date_gmt":"2020-10-08T16:15:07","guid":{"rendered":"https:\/\/antonioaguado.com\/?page_id=17"},"modified":"2021-03-05T12:54:31","modified_gmt":"2021-03-05T12:54:31","slug":"contacto","status":"publish","type":"page","link":"https:\/\/antonioaguado.com\/?page_id=17","title":{"rendered":"Contacto"},"content":{"rendered":"\n<p>TEL: 918712132<br>MOV: 609325345<br>Mail: info@antonioaguado.com<\/p>\n\n\n\n<p>\u00bfQuieres pedirnos presupuesto? ll\u00e1manos por tel\u00e9fono o escr\u00edbenos a este correo:<\/p>\n\n\n\n<p>presupuestos@antonioaguado.com<br><\/p>\n","protected":false},"excerpt":{"rendered":"<p>TEL: 918712132MOV: 609325345Mail: info@antonioaguado.com \u00bfQuieres pedirnos presupuesto? ll\u00e1manos por tel\u00e9fono o escr\u00edbenos a este correo: presupuestos@antonioaguado.com<\/p>\n","protected":false},"author":1,"featured_media":0,"parent":0,"menu_order":0,"comment_status":"closed","ping_status":"closed","template":"","meta":{"footnotes":""},"class_list":["post-17","page","type-page","status-publish","hentry"],"yoast_head":"<!-- This site is optimized with the Yoast SEO plugin v24.9 - https:\/\/yoast.com\/wordpress\/plugins\/seo\/ -->\n<title>Contacto - Antonio Aguado S.A.<\/title>\n<meta name=\"robots\" content=\"index, follow, max-snippet:-1, max-image-preview:large, max-video-preview:-1\" \/>\n<link rel=\"canonical\" href=\"https:\/\/antonioaguado.com\/?page_id=17\" \/>\n<meta property=\"og:locale\" content=\"es_ES\" \/>\n<meta property=\"og:type\" content=\"article\" \/>\n<meta property=\"og:title\" content=\"Contacto - Antonio Aguado S.A.\" \/>\n<meta property=\"og:description\" content=\"TEL: 918712132MOV: 609325345Mail: info@antonioaguado.com \u00bfQuieres pedirnos presupuesto? ll\u00e1manos por tel\u00e9fono o escr\u00edbenos a este correo: presupuestos@antonioaguado.com\" \/>\n<meta property=\"og:url\" content=\"https:\/\/antonioaguado.com\/?page_id=17\" \/>\n<meta property=\"og:site_name\" content=\"Antonio Aguado S.A.\" \/>\n<meta property=\"article:modified_time\" content=\"2021-03-05T12:54:31+00:00\" \/>\n<meta name=\"twitter:card\" content=\"summary_large_image\" \/>\n<meta name=\"twitter:label1\" content=\"Tiempo de lectura\" \/>\n\t<meta name=\"twitter:data1\" content=\"1 minuto\" \/>\n<script type=\"application\/ld+json\" class=\"yoast-schema-graph\">{\"@context\":\"https:\/\/schema.org\",\"@graph\":[{\"@type\":\"WebPage\",\"@id\":\"https:\/\/antonioaguado.com\/?page_id=17\",\"url\":\"https:\/\/antonioaguado.com\/?page_id=17\",\"name\":\"Contacto - Antonio Aguado S.A.\",\"isPartOf\":{\"@id\":\"https:\/\/antonioaguado.com\/#website\"},\"datePublished\":\"2020-10-08T16:15:07+00:00\",\"dateModified\":\"2021-03-05T12:54:31+00:00\",\"breadcrumb\":{\"@id\":\"https:\/\/antonioaguado.com\/?page_id=17#breadcrumb\"},\"inLanguage\":\"es\",\"potentialAction\":[{\"@type\":\"ReadAction\",\"target\":[\"https:\/\/antonioaguado.com\/?page_id=17\"]}]},{\"@type\":\"BreadcrumbList\",\"@id\":\"https:\/\/antonioaguado.com\/?page_id=17#breadcrumb\",\"itemListElement\":[{\"@type\":\"ListItem\",\"position\":1,\"name\":\"Home\",\"item\":\"https:\/\/antonioaguado.com\/\"},{\"@type\":\"ListItem\",\"position\":2,\"name\":\"Contacto\"}]},{\"@type\":\"WebSite\",\"@id\":\"https:\/\/antonioaguado.com\/#website\",\"url\":\"https:\/\/antonioaguado.com\/\",\"name\":\"Antonio Aguado S.A.\",\"description\":\"Excavaci\u00f3n y movimiento de tierras\",\"publisher\":{\"@id\":\"https:\/\/antonioaguado.com\/#organization\"},\"potentialAction\":[{\"@type\":\"SearchAction\",\"target\":{\"@type\":\"EntryPoint\",\"urlTemplate\":\"https:\/\/antonioaguado.com\/?s={search_term_string}\"},\"query-input\":{\"@type\":\"PropertyValueSpecification\",\"valueRequired\":true,\"valueName\":\"search_term_string\"}}],\"inLanguage\":\"es\"},{\"@type\":\"Organization\",\"@id\":\"https:\/\/antonioaguado.com\/#organization\",\"name\":\"Antonio Aguado S.A.\",\"url\":\"https:\/\/antonioaguado.com\/\",\"logo\":{\"@type\":\"ImageObject\",\"inLanguage\":\"es\",\"@id\":\"https:\/\/antonioaguado.com\/#\/schema\/logo\/image\/\",\"url\":\"https:\/\/antonioaguado.com\/wp-content\/uploads\/2020\/10\/cropped-logo-AAGUADO-1.jpg\",\"contentUrl\":\"https:\/\/antonioaguado.com\/wp-content\/uploads\/2020\/10\/cropped-logo-AAGUADO-1.jpg\",\"width\":541,\"height\":542,\"caption\":\"Antonio Aguado S.A.\"},\"image\":{\"@id\":\"https:\/\/antonioaguado.com\/#\/schema\/logo\/image\/\"}}]}<\/script>\n<!-- \/ Yoast SEO plugin. -->","yoast_head_json":{"title":"Contacto - Antonio Aguado S.A.","robots":{"index":"index","follow":"follow","max-snippet":"max-snippet:-1","max-image-preview":"max-image-preview:large","max-video-preview":"max-video-preview:-1"},"canonical":"https:\/\/antonioaguado.com\/?page_id=17","og_locale":"es_ES","og_type":"article","og_title":"Contacto - Antonio Aguado S.A.","og_description":"TEL: 918712132MOV: 609325345Mail: info@antonioaguado.com \u00bfQuieres pedirnos presupuesto? ll\u00e1manos por tel\u00e9fono o escr\u00edbenos a este correo: presupuestos@antonioaguado.com","og_url":"https:\/\/antonioaguado.com\/?page_id=17","og_site_name":"Antonio Aguado S.A.","article_modified_time":"2021-03-05T12:54:31+00:00","twitter_card":"summary_large_image","twitter_misc":{"Tiempo de lectura":"1 minuto"},"schema":{"@context":"https:\/\/schema.org","@graph":[{"@type":"WebPage","@id":"https:\/\/antonioaguado.com\/?page_id=17","url":"https:\/\/antonioaguado.com\/?page_id=17","name":"Contacto - Antonio Aguado S.A.","isPartOf":{"@id":"https:\/\/antonioaguado.com\/#website"},"datePublished":"2020-10-08T16:15:07+00:00","dateModified":"2021-03-05T12:54:31+00:00","breadcrumb":{"@id":"https:\/\/antonioaguado.com\/?page_id=17#breadcrumb"},"inLanguage":"es","potentialAction":[{"@type":"ReadAction","target":["https:\/\/antonioaguado.com\/?page_id=17"]}]},{"@type":"BreadcrumbList","@id":"https:\/\/antonioaguado.com\/?page_id=17#breadcrumb","itemListElement":[{"@type":"ListItem","position":1,"name":"Home","item":"https:\/\/antonioaguado.com\/"},{"@type":"ListItem","position":2,"name":"Contacto"}]},{"@type":"WebSite","@id":"https:\/\/antonioaguado.com\/#website","url":"https:\/\/antonioaguado.com\/","name":"Antonio Aguado S.A.","description":"Excavaci\u00f3n y movimiento de tierras","publisher":{"@id":"https:\/\/antonioaguado.com\/#organization"},"potentialAction":[{"@type":"SearchAction","target":{"@type":"EntryPoint","urlTemplate":"https:\/\/antonioaguado.com\/?s={search_term_string}"},"query-input":{"@type":"PropertyValueSpecification","valueRequired":true,"valueName":"search_term_string"}}],"inLanguage":"es"},{"@type":"Organization","@id":"https:\/\/antonioaguado.com\/#organization","name":"Antonio Aguado S.A.","url":"https:\/\/antonioaguado.com\/","logo":{"@type":"ImageObject","inLanguage":"es","@id":"https:\/\/antonioaguado.com\/#\/schema\/logo\/image\/","url":"https:\/\/antonioaguado.com\/wp-content\/uploads\/2020\/10\/cropped-logo-AAGUADO-1.jpg","contentUrl":"https:\/\/antonioaguado.com\/wp-content\/uploads\/2020\/10\/cropped-logo-AAGUADO-1.jpg","width":541,"height":542,"caption":"Antonio Aguado S.A."},"image":{"@id":"https:\/\/antonioaguado.com\/#\/schema\/logo\/image\/"}}]}},"_links":{"self":[{"href":"https:\/\/antonioaguado.com\/index.php?rest_route=\/wp\/v2\/pages\/17"}],"collection":[{"href":"https:\/\/antonioaguado.com\/index.php?rest_route=\/wp\/v2\/pages"}],"about":[{"href":"https:\/\/antonioaguado.com\/index.php?rest_route=\/wp\/v2\/types\/page"}],"author":[{"embeddable":true,"href":"https:\/\/antonioaguado.com\/index.php?rest_route=\/wp\/v2\/users\/1"}],"replies":[{"embeddable":true,"href":"https:\/\/antonioaguado.com\/index.php?rest_route=%2Fwp%2Fv2%2Fcomments&post=17"}],"version-history":[{"count":3,"href":"https:\/\/antonioaguado.com\/index.php?rest_route=\/wp\/v2\/pages\/17\/revisions"}],"predecessor-version":[{"id":77,"href":"https:\/\/antonioaguado.com\/index.php?rest_route=\/wp\/v2\/pages\/17\/revisions\/77"}],"wp:attachment":[{"href":"https:\/\/antonioaguado.com\/index.php?rest_route=%2Fwp%2Fv2%2Fmedia&parent=17"}],"curies":[{"name":"wp","href":"https:\/\/api.w.org\/{rel}","templated":true}]}}