{"id":2,"date":"2020-10-08T15:20:29","date_gmt":"2020-10-08T15:20:29","guid":{"rendered":"https:\/\/antonioaguado.com\/?page_id=2"},"modified":"2021-07-16T15:53:48","modified_gmt":"2021-07-16T15:53:48","slug":"home-page","status":"publish","type":"page","link":"https:\/\/antonioaguado.com\/","title":{"rendered":"ANTONIO AGUADO S.A. (EXCAVACI\u00d3N Y MOVIMIENTO DE TIERRAS EN MADRID)"},"content":{"rendered":"\n<p>Excavaci\u00f3n y movimiento de tierras en la comunidad de Madrid y alrededores.<\/p>\n\n\n\n<p>Somos expertos en excavaciones y movimientos de tierra con m\u00e1s de 60 a\u00f1os de experiencia en el sector.<\/p>\n\n\n\n<p>Hacemos todo tipo de movimientos de tierras, excavaciones, vaciados, rellenos, desmontes ,demoliciones y actuaciones industriales y civiles, como naves industriales, carreteras, urbanizaciones, sellados y apertura de vasos de vertederos.<\/p>\n\n\n\n<p><\/p>\n\n\n\n<p><strong>Contacto:<\/strong><\/p>\n\n\n\n<p>918712132 <\/p>\n\n\n\n<p>609325345 <\/p>\n\n\n\n<p>info@antonioaguado.com<\/p>\n\n\n\n<p><strong>Qu\u00e9 hacemos<\/strong><\/p>\n\n\n\n<p>En Antonio Aguado S.A. llevamos dando servicio en el sector de la construcci\u00f3n mas de 60 a\u00f1os, haciendo todo tipo de proyectos, en concreto hacemos actuaciones relacionadas con el movimiento de tierras previo a cualquier construcci\u00f3n. Tambi\u00e9n realizamos demoliciones y suministramos todo tipo de \u00e1ridos para la construcci\u00f3n.<\/p>\n\n\n\n<p>-Desbroce de terrenos.<\/p>\n\n\n\n<p>-Excavaci\u00f3n en vaciado, en cualquier clase de terrenos. <\/p>\n\n\n\n<p>-Excavaci\u00f3n de cimentaci\u00f3n zanjas, zapatas, pozos.<\/p>\n\n\n\n<p>-Suministro y relleno de todo tipo de \u00e1rido (tierra, arena, zahorra, gravas, &#8230;)<\/p>\n\n\n\n<p>-Compactaci\u00f3n y refinado<\/p>\n\n\n\n<p>-Transporte y vertidos y gesti\u00f3n de residuos (RCD, tierras&#8230;)<\/p>\n\n\n\n<p>-Otros: Tambi\u00e9n hacemos demoliciones de todo tipo de construcciones, y nos hemos especializado en apertura y sellado de vertederos con mas de 10 a\u00f1os de experiencia.<\/p>\n","protected":false},"excerpt":{"rendered":"<p>Excavaci\u00f3n y movimiento de tierras en la comunidad de Madrid y alrededores. Somos expertos en excavaciones y movimientos de tierra con m\u00e1s de 60 a\u00f1os<span class=\"more-button\"><a href=\"https:\/\/antonioaguado.com\/\" class=\"more-link\">Continue reading<span class=\"screen-reader-text\">ANTONIO AGUADO S.A. (EXCAVACI\u00d3N Y MOVIMIENTO DE TIERRAS EN MADRID)<\/span><\/a><\/span><\/p>\n","protected":false},"author":1,"featured_media":0,"parent":0,"menu_order":0,"comment_status":"closed","ping_status":"open","template":"","meta":{"footnotes":""},"class_list":["post-2","page","type-page","status-publish","hentry"],"yoast_head":"<!-- This site is optimized with the Yoast SEO plugin v24.9 - https:\/\/yoast.com\/wordpress\/plugins\/seo\/ -->\n<title>ANTONIO AGUADO S.A. (EXCAVACI\u00d3N Y MOVIMIENTO DE TIERRAS EN MADRID) - Antonio Aguado S.A.<\/title>\n<meta name=\"description\" content=\"Excavaci\u00f3n y movimiento de tierras en madrid. Vaciados demoliciones. Empresa con mas de 60 a\u00f1os de experiencia\" \/>\n<meta name=\"robots\" content=\"index, follow, max-snippet:-1, max-image-preview:large, max-video-preview:-1\" \/>\n<link rel=\"canonical\" href=\"https:\/\/antonioaguado.com\/\" \/>\n<meta property=\"og:locale\" content=\"es_ES\" \/>\n<meta property=\"og:type\" content=\"article\" \/>\n<meta property=\"og:title\" content=\"ANTONIO AGUADO S.A. (EXCAVACI\u00d3N Y MOVIMIENTO DE TIERRAS EN MADRID) - Antonio Aguado S.A.\" \/>\n<meta property=\"og:description\" content=\"Excavaci\u00f3n y movimiento de tierras en madrid. Vaciados demoliciones. Empresa con mas de 60 a\u00f1os de experiencia\" \/>\n<meta property=\"og:url\" content=\"https:\/\/antonioaguado.com\/\" \/>\n<meta property=\"og:site_name\" content=\"Antonio Aguado S.A.\" \/>\n<meta property=\"article:modified_time\" content=\"2021-07-16T15:53:48+00:00\" \/>\n<meta name=\"twitter:card\" content=\"summary_large_image\" \/>\n<meta name=\"twitter:label1\" content=\"Tiempo de lectura\" \/>\n\t<meta name=\"twitter:data1\" content=\"1 minuto\" \/>\n<script type=\"application\/ld+json\" class=\"yoast-schema-graph\">{\"@context\":\"https:\/\/schema.org\",\"@graph\":[{\"@type\":\"WebPage\",\"@id\":\"https:\/\/antonioaguado.com\/\",\"url\":\"https:\/\/antonioaguado.com\/\",\"name\":\"ANTONIO AGUADO S.A. (EXCAVACI\u00d3N Y MOVIMIENTO DE TIERRAS EN MADRID) - Antonio Aguado S.A.\",\"isPartOf\":{\"@id\":\"https:\/\/antonioaguado.com\/#website\"},\"datePublished\":\"2020-10-08T15:20:29+00:00\",\"dateModified\":\"2021-07-16T15:53:48+00:00\",\"description\":\"Excavaci\u00f3n y movimiento de tierras en madrid. Vaciados demoliciones. Empresa con mas de 60 a\u00f1os de experiencia\",\"breadcrumb\":{\"@id\":\"https:\/\/antonioaguado.com\/#breadcrumb\"},\"inLanguage\":\"es\",\"potentialAction\":[{\"@type\":\"ReadAction\",\"target\":[\"https:\/\/antonioaguado.com\/\"]}]},{\"@type\":\"BreadcrumbList\",\"@id\":\"https:\/\/antonioaguado.com\/#breadcrumb\",\"itemListElement\":[{\"@type\":\"ListItem\",\"position\":1,\"name\":\"Home\",\"item\":\"https:\/\/antonioaguado.com\/\"},{\"@type\":\"ListItem\",\"position\":2,\"name\":\"ANTONIO AGUADO S.A. (EXCAVACI\u00d3N Y MOVIMIENTO DE TIERRAS EN MADRID)\"}]},{\"@type\":\"WebSite\",\"@id\":\"https:\/\/antonioaguado.com\/#website\",\"url\":\"https:\/\/antonioaguado.com\/\",\"name\":\"Antonio Aguado S.A.\",\"description\":\"Excavaci\u00f3n y movimiento de tierras\",\"publisher\":{\"@id\":\"https:\/\/antonioaguado.com\/#organization\"},\"potentialAction\":[{\"@type\":\"SearchAction\",\"target\":{\"@type\":\"EntryPoint\",\"urlTemplate\":\"https:\/\/antonioaguado.com\/?s={search_term_string}\"},\"query-input\":{\"@type\":\"PropertyValueSpecification\",\"valueRequired\":true,\"valueName\":\"search_term_string\"}}],\"inLanguage\":\"es\"},{\"@type\":\"Organization\",\"@id\":\"https:\/\/antonioaguado.com\/#organization\",\"name\":\"Antonio Aguado S.A.\",\"url\":\"https:\/\/antonioaguado.com\/\",\"logo\":{\"@type\":\"ImageObject\",\"inLanguage\":\"es\",\"@id\":\"https:\/\/antonioaguado.com\/#\/schema\/logo\/image\/\",\"url\":\"https:\/\/antonioaguado.com\/wp-content\/uploads\/2020\/10\/cropped-logo-AAGUADO-1.jpg\",\"contentUrl\":\"https:\/\/antonioaguado.com\/wp-content\/uploads\/2020\/10\/cropped-logo-AAGUADO-1.jpg\",\"width\":541,\"height\":542,\"caption\":\"Antonio Aguado S.A.\"},\"image\":{\"@id\":\"https:\/\/antonioaguado.com\/#\/schema\/logo\/image\/\"}}]}<\/script>\n<!-- \/ Yoast SEO plugin. -->","yoast_head_json":{"title":"ANTONIO AGUADO S.A. (EXCAVACI\u00d3N Y MOVIMIENTO DE TIERRAS EN MADRID) - Antonio Aguado S.A.","description":"Excavaci\u00f3n y movimiento de tierras en madrid. Vaciados demoliciones. Empresa con mas de 60 a\u00f1os de experiencia","robots":{"index":"index","follow":"follow","max-snippet":"max-snippet:-1","max-image-preview":"max-image-preview:large","max-video-preview":"max-video-preview:-1"},"canonical":"https:\/\/antonioaguado.com\/","og_locale":"es_ES","og_type":"article","og_title":"ANTONIO AGUADO S.A. (EXCAVACI\u00d3N Y MOVIMIENTO DE TIERRAS EN MADRID) - Antonio Aguado S.A.","og_description":"Excavaci\u00f3n y movimiento de tierras en madrid. Vaciados demoliciones. Empresa con mas de 60 a\u00f1os de experiencia","og_url":"https:\/\/antonioaguado.com\/","og_site_name":"Antonio Aguado S.A.","article_modified_time":"2021-07-16T15:53:48+00:00","twitter_card":"summary_large_image","twitter_misc":{"Tiempo de lectura":"1 minuto"},"schema":{"@context":"https:\/\/schema.org","@graph":[{"@type":"WebPage","@id":"https:\/\/antonioaguado.com\/","url":"https:\/\/antonioaguado.com\/","name":"ANTONIO AGUADO S.A. (EXCAVACI\u00d3N Y MOVIMIENTO DE TIERRAS EN MADRID) - Antonio Aguado S.A.","isPartOf":{"@id":"https:\/\/antonioaguado.com\/#website"},"datePublished":"2020-10-08T15:20:29+00:00","dateModified":"2021-07-16T15:53:48+00:00","description":"Excavaci\u00f3n y movimiento de tierras en madrid. Vaciados demoliciones. Empresa con mas de 60 a\u00f1os de experiencia","breadcrumb":{"@id":"https:\/\/antonioaguado.com\/#breadcrumb"},"inLanguage":"es","potentialAction":[{"@type":"ReadAction","target":["https:\/\/antonioaguado.com\/"]}]},{"@type":"BreadcrumbList","@id":"https:\/\/antonioaguado.com\/#breadcrumb","itemListElement":[{"@type":"ListItem","position":1,"name":"Home","item":"https:\/\/antonioaguado.com\/"},{"@type":"ListItem","position":2,"name":"ANTONIO AGUADO S.A. (EXCAVACI\u00d3N Y MOVIMIENTO DE TIERRAS EN MADRID)"}]},{"@type":"WebSite","@id":"https:\/\/antonioaguado.com\/#website","url":"https:\/\/antonioaguado.com\/","name":"Antonio Aguado S.A.","description":"Excavaci\u00f3n y movimiento de tierras","publisher":{"@id":"https:\/\/antonioaguado.com\/#organization"},"potentialAction":[{"@type":"SearchAction","target":{"@type":"EntryPoint","urlTemplate":"https:\/\/antonioaguado.com\/?s={search_term_string}"},"query-input":{"@type":"PropertyValueSpecification","valueRequired":true,"valueName":"search_term_string"}}],"inLanguage":"es"},{"@type":"Organization","@id":"https:\/\/antonioaguado.com\/#organization","name":"Antonio Aguado S.A.","url":"https:\/\/antonioaguado.com\/","logo":{"@type":"ImageObject","inLanguage":"es","@id":"https:\/\/antonioaguado.com\/#\/schema\/logo\/image\/","url":"https:\/\/antonioaguado.com\/wp-content\/uploads\/2020\/10\/cropped-logo-AAGUADO-1.jpg","contentUrl":"https:\/\/antonioaguado.com\/wp-content\/uploads\/2020\/10\/cropped-logo-AAGUADO-1.jpg","width":541,"height":542,"caption":"Antonio Aguado S.A."},"image":{"@id":"https:\/\/antonioaguado.com\/#\/schema\/logo\/image\/"}}]}},"_links":{"self":[{"href":"https:\/\/antonioaguado.com\/index.php?rest_route=\/wp\/v2\/pages\/2"}],"collection":[{"href":"https:\/\/antonioaguado.com\/index.php?rest_route=\/wp\/v2\/pages"}],"about":[{"href":"https:\/\/antonioaguado.com\/index.php?rest_route=\/wp\/v2\/types\/page"}],"author":[{"embeddable":true,"href":"https:\/\/antonioaguado.com\/index.php?rest_route=\/wp\/v2\/users\/1"}],"replies":[{"embeddable":true,"href":"https:\/\/antonioaguado.com\/index.php?rest_route=%2Fwp%2Fv2%2Fcomments&post=2"}],"version-history":[{"count":14,"href":"https:\/\/antonioaguado.com\/index.php?rest_route=\/wp\/v2\/pages\/2\/revisions"}],"predecessor-version":[{"id":80,"href":"https:\/\/antonioaguado.com\/index.php?rest_route=\/wp\/v2\/pages\/2\/revisions\/80"}],"wp:attachment":[{"href":"https:\/\/antonioaguado.com\/index.php?rest_route=%2Fwp%2Fv2%2Fmedia&parent=2"}],"curies":[{"name":"wp","href":"https:\/\/api.w.org\/{rel}","templated":true}]}}