{"id":62,"date":"2021-03-05T12:30:27","date_gmt":"2021-03-05T12:30:27","guid":{"rendered":"https:\/\/antonioaguado.com\/?page_id=62"},"modified":"2024-09-16T09:21:35","modified_gmt":"2024-09-16T09:21:35","slug":"sobre-nosotros","status":"publish","type":"page","link":"https:\/\/antonioaguado.com\/?page_id=62","title":{"rendered":"Sobre nosotros"},"content":{"rendered":"\n<p>Antonio Aguado SA es una empresa de excavaci\u00f3n y movimiento de tierras familiar, que tiene ya 3 generaciones. Fue fundada por Antonio Aguado en 1958, con apenas un cami\u00f3n, comenz\u00f3 en el sector de la construcci\u00f3n, r\u00e1pidamente aument\u00f3 la flota a mas camiones y excavadoras, sus hijos Jes\u00fas, Paloma y Juan Antonio recogen el testigo y contin\u00faan el legado haciendo crecer la empresa. Actualmente el director general es Juan Antonio que junto a sus hijos Antonio y Miguel contin\u00faan la empresa familiar.<\/p>\n\n\n\n<p>Nuestro valor diferencial es la calidad en el trabajo, esto es as\u00ed porque contamos con la mejor plantilla del sector con empleados que tienen de media mas de 15 a\u00f1os de experiencia. Nuestros maquinistas incluso tienen reconocimiento a nivel internacional en eventos de construcci\u00f3n a nivel europeo y norteamericano.<\/p>\n\n\n\n<p>El trato al cliente personalizado es otro de nuestros valores diferenciales adaptamos la mejor soluci\u00f3n para cada cliente y cada situaci\u00f3n para que el resultado t\u00e9cnico y econ\u00f3mico sean \u00f3ptimos.<\/p>\n\n\n\n<p><\/p>\n\n\n\n<p>Durante los ejercicios 2021, 2022 y 2023 la empresa ANTONIO AGUADO. SA, ha llevado a cabo un proyecto de instalaci\u00f3n de placas solares para autoconsumo previa retirada del amianto de la cubierta de la nave situada en Carretera de la Poveda a Campo Real km 3,100 28500 Arganda del Rey, Madrid,\u00a0 con un presupuesto total de 28.794,74\u20ac + IVA. Estas actuaciones contar\u00e1n con el posible apoyo del \u201cPlan de Recuperaci\u00f3n, Transformaci\u00f3n y Resiliencia \u2013 Financiado por la Uni\u00f3n Europea \u2013 NextGenerationEU\u201d<\/p>\n","protected":false},"excerpt":{"rendered":"<p>Antonio Aguado SA es una empresa de excavaci\u00f3n y movimiento de tierras familiar, que tiene ya 3 generaciones. Fue fundada por Antonio Aguado en 1958,<span class=\"more-button\"><a href=\"https:\/\/antonioaguado.com\/?page_id=62\" class=\"more-link\">Continue reading<span class=\"screen-reader-text\">Sobre nosotros<\/span><\/a><\/span><\/p>\n","protected":false},"author":1,"featured_media":0,"parent":2,"menu_order":1,"comment_status":"closed","ping_status":"closed","template":"","meta":{"footnotes":""},"class_list":["post-62","page","type-page","status-publish","hentry"],"yoast_head":"<!-- This site is optimized with the Yoast SEO plugin v24.9 - https:\/\/yoast.com\/wordpress\/plugins\/seo\/ -->\n<title>Sobre nosotros - Antonio Aguado S.A.<\/title>\n<meta name=\"robots\" content=\"index, follow, max-snippet:-1, max-image-preview:large, max-video-preview:-1\" \/>\n<link rel=\"canonical\" href=\"https:\/\/antonioaguado.com\/?page_id=62\" \/>\n<meta property=\"og:locale\" content=\"es_ES\" \/>\n<meta property=\"og:type\" content=\"article\" \/>\n<meta property=\"og:title\" content=\"Sobre nosotros - Antonio Aguado S.A.\" \/>\n<meta property=\"og:description\" content=\"Antonio Aguado SA es una empresa de excavaci\u00f3n y movimiento de tierras familiar, que tiene ya 3 generaciones. Fue fundada por Antonio Aguado en 1958,Continue readingSobre nosotros\" \/>\n<meta property=\"og:url\" content=\"https:\/\/antonioaguado.com\/?page_id=62\" \/>\n<meta property=\"og:site_name\" content=\"Antonio Aguado S.A.\" \/>\n<meta property=\"article:modified_time\" content=\"2024-09-16T09:21:35+00:00\" \/>\n<meta name=\"twitter:card\" content=\"summary_large_image\" \/>\n<meta name=\"twitter:label1\" content=\"Tiempo de lectura\" \/>\n\t<meta name=\"twitter:data1\" content=\"2 minutos\" \/>\n<script type=\"application\/ld+json\" class=\"yoast-schema-graph\">{\"@context\":\"https:\/\/schema.org\",\"@graph\":[{\"@type\":\"WebPage\",\"@id\":\"https:\/\/antonioaguado.com\/?page_id=62\",\"url\":\"https:\/\/antonioaguado.com\/?page_id=62\",\"name\":\"Sobre nosotros - Antonio Aguado S.A.\",\"isPartOf\":{\"@id\":\"https:\/\/antonioaguado.com\/#website\"},\"datePublished\":\"2021-03-05T12:30:27+00:00\",\"dateModified\":\"2024-09-16T09:21:35+00:00\",\"breadcrumb\":{\"@id\":\"https:\/\/antonioaguado.com\/?page_id=62#breadcrumb\"},\"inLanguage\":\"es\",\"potentialAction\":[{\"@type\":\"ReadAction\",\"target\":[\"https:\/\/antonioaguado.com\/?page_id=62\"]}]},{\"@type\":\"BreadcrumbList\",\"@id\":\"https:\/\/antonioaguado.com\/?page_id=62#breadcrumb\",\"itemListElement\":[{\"@type\":\"ListItem\",\"position\":1,\"name\":\"Home\",\"item\":\"https:\/\/antonioaguado.com\/\"},{\"@type\":\"ListItem\",\"position\":2,\"name\":\"ANTONIO AGUADO S.A. (EXCAVACI\u00d3N Y MOVIMIENTO DE TIERRAS EN MADRID)\",\"item\":\"https:\/\/antonioaguado.com\/\"},{\"@type\":\"ListItem\",\"position\":3,\"name\":\"Sobre nosotros\"}]},{\"@type\":\"WebSite\",\"@id\":\"https:\/\/antonioaguado.com\/#website\",\"url\":\"https:\/\/antonioaguado.com\/\",\"name\":\"Antonio Aguado S.A.\",\"description\":\"Excavaci\u00f3n y movimiento de tierras\",\"publisher\":{\"@id\":\"https:\/\/antonioaguado.com\/#organization\"},\"potentialAction\":[{\"@type\":\"SearchAction\",\"target\":{\"@type\":\"EntryPoint\",\"urlTemplate\":\"https:\/\/antonioaguado.com\/?s={search_term_string}\"},\"query-input\":{\"@type\":\"PropertyValueSpecification\",\"valueRequired\":true,\"valueName\":\"search_term_string\"}}],\"inLanguage\":\"es\"},{\"@type\":\"Organization\",\"@id\":\"https:\/\/antonioaguado.com\/#organization\",\"name\":\"Antonio Aguado S.A.\",\"url\":\"https:\/\/antonioaguado.com\/\",\"logo\":{\"@type\":\"ImageObject\",\"inLanguage\":\"es\",\"@id\":\"https:\/\/antonioaguado.com\/#\/schema\/logo\/image\/\",\"url\":\"https:\/\/antonioaguado.com\/wp-content\/uploads\/2020\/10\/cropped-logo-AAGUADO-1.jpg\",\"contentUrl\":\"https:\/\/antonioaguado.com\/wp-content\/uploads\/2020\/10\/cropped-logo-AAGUADO-1.jpg\",\"width\":541,\"height\":542,\"caption\":\"Antonio Aguado S.A.\"},\"image\":{\"@id\":\"https:\/\/antonioaguado.com\/#\/schema\/logo\/image\/\"}}]}<\/script>\n<!-- \/ Yoast SEO plugin. -->","yoast_head_json":{"title":"Sobre nosotros - Antonio Aguado S.A.","robots":{"index":"index","follow":"follow","max-snippet":"max-snippet:-1","max-image-preview":"max-image-preview:large","max-video-preview":"max-video-preview:-1"},"canonical":"https:\/\/antonioaguado.com\/?page_id=62","og_locale":"es_ES","og_type":"article","og_title":"Sobre nosotros - Antonio Aguado S.A.","og_description":"Antonio Aguado SA es una empresa de excavaci\u00f3n y movimiento de tierras familiar, que tiene ya 3 generaciones. Fue fundada por Antonio Aguado en 1958,Continue readingSobre nosotros","og_url":"https:\/\/antonioaguado.com\/?page_id=62","og_site_name":"Antonio Aguado S.A.","article_modified_time":"2024-09-16T09:21:35+00:00","twitter_card":"summary_large_image","twitter_misc":{"Tiempo de lectura":"2 minutos"},"schema":{"@context":"https:\/\/schema.org","@graph":[{"@type":"WebPage","@id":"https:\/\/antonioaguado.com\/?page_id=62","url":"https:\/\/antonioaguado.com\/?page_id=62","name":"Sobre nosotros - Antonio Aguado S.A.","isPartOf":{"@id":"https:\/\/antonioaguado.com\/#website"},"datePublished":"2021-03-05T12:30:27+00:00","dateModified":"2024-09-16T09:21:35+00:00","breadcrumb":{"@id":"https:\/\/antonioaguado.com\/?page_id=62#breadcrumb"},"inLanguage":"es","potentialAction":[{"@type":"ReadAction","target":["https:\/\/antonioaguado.com\/?page_id=62"]}]},{"@type":"BreadcrumbList","@id":"https:\/\/antonioaguado.com\/?page_id=62#breadcrumb","itemListElement":[{"@type":"ListItem","position":1,"name":"Home","item":"https:\/\/antonioaguado.com\/"},{"@type":"ListItem","position":2,"name":"ANTONIO AGUADO S.A. (EXCAVACI\u00d3N Y MOVIMIENTO DE TIERRAS EN MADRID)","item":"https:\/\/antonioaguado.com\/"},{"@type":"ListItem","position":3,"name":"Sobre nosotros"}]},{"@type":"WebSite","@id":"https:\/\/antonioaguado.com\/#website","url":"https:\/\/antonioaguado.com\/","name":"Antonio Aguado S.A.","description":"Excavaci\u00f3n y movimiento de tierras","publisher":{"@id":"https:\/\/antonioaguado.com\/#organization"},"potentialAction":[{"@type":"SearchAction","target":{"@type":"EntryPoint","urlTemplate":"https:\/\/antonioaguado.com\/?s={search_term_string}"},"query-input":{"@type":"PropertyValueSpecification","valueRequired":true,"valueName":"search_term_string"}}],"inLanguage":"es"},{"@type":"Organization","@id":"https:\/\/antonioaguado.com\/#organization","name":"Antonio Aguado S.A.","url":"https:\/\/antonioaguado.com\/","logo":{"@type":"ImageObject","inLanguage":"es","@id":"https:\/\/antonioaguado.com\/#\/schema\/logo\/image\/","url":"https:\/\/antonioaguado.com\/wp-content\/uploads\/2020\/10\/cropped-logo-AAGUADO-1.jpg","contentUrl":"https:\/\/antonioaguado.com\/wp-content\/uploads\/2020\/10\/cropped-logo-AAGUADO-1.jpg","width":541,"height":542,"caption":"Antonio Aguado S.A."},"image":{"@id":"https:\/\/antonioaguado.com\/#\/schema\/logo\/image\/"}}]}},"_links":{"self":[{"href":"https:\/\/antonioaguado.com\/index.php?rest_route=\/wp\/v2\/pages\/62"}],"collection":[{"href":"https:\/\/antonioaguado.com\/index.php?rest_route=\/wp\/v2\/pages"}],"about":[{"href":"https:\/\/antonioaguado.com\/index.php?rest_route=\/wp\/v2\/types\/page"}],"author":[{"embeddable":true,"href":"https:\/\/antonioaguado.com\/index.php?rest_route=\/wp\/v2\/users\/1"}],"replies":[{"embeddable":true,"href":"https:\/\/antonioaguado.com\/index.php?rest_route=%2Fwp%2Fv2%2Fcomments&post=62"}],"version-history":[{"count":6,"href":"https:\/\/antonioaguado.com\/index.php?rest_route=\/wp\/v2\/pages\/62\/revisions"}],"predecessor-version":[{"id":109,"href":"https:\/\/antonioaguado.com\/index.php?rest_route=\/wp\/v2\/pages\/62\/revisions\/109"}],"up":[{"embeddable":true,"href":"https:\/\/antonioaguado.com\/index.php?rest_route=\/wp\/v2\/pages\/2"}],"wp:attachment":[{"href":"https:\/\/antonioaguado.com\/index.php?rest_route=%2Fwp%2Fv2%2Fmedia&parent=62"}],"curies":[{"name":"wp","href":"https:\/\/api.w.org\/{rel}","templated":true}]}}